{"id":37,"date":"2017-03-06T10:55:53","date_gmt":"2017-03-06T09:55:53","guid":{"rendered":"http:\/\/www.arcusrealestate.com\/?page_id=37\/"},"modified":"2017-03-06T10:55:53","modified_gmt":"2017-03-06T09:55:53","slug":"privacy-policy","status":"publish","type":"page","link":"https:\/\/www.arcusrealestate.com\/en\/privacy-policy\/","title":{"rendered":"Privacy Policy"},"content":{"rendered":"<h2 style=\"text-align: center;\">INFORMATIVA AGLI UTENTI<br \/>\nIN MATERIA DI PROTEZIONE DEI DATI PERSONALI<br \/>\nAI SENSI DELL\u2019ART. 13 D. LGS N. 196\/2003<\/h2>\n<p>In osservanza di quanto previsto ai sensi e per gli effetti dell\u2019art. 13 D. Lgs 30 giugno 2003, il titolare del trattamento, la <strong>Arcus Real Estate S.r.L.<\/strong> | Corso Matteotti 10, 20121 MILANO | P. IVA e C.F. 03337230167, informa gli utenti del sito internet <strong>www.arcusrealestate.com<\/strong>, delle finalit\u00e0 e modalit\u00e0 del trattamento dei dati personali raccolti, del loro ambito di comunicazione e diffusione, oltre della natura del loro conferimento.<\/p>\n<h4>DATI TRATTATI<\/h4>\n<h5>Dati di navigazione:<\/h5>\n<p>I sistemi informatici e le procedure software preposte al funzionamento di questo sito web acquisiscono, nel corso del loro normale esercizio, alcuni dati personali la cui trasmissione \u00e8 implicita nell\u2019uso dei protocolli di comunicazione di Internet.<\/p>\n<p>Si tratta di informazioni che non sono raccolte per essere associate a interessati identificati, ma che per loro stessa natura potrebbero, attraverso elaborazioni ed associazioni con dati detenuti da terzi, permettere di identificare gli utenti.<\/p>\n<p>In questa categoria di dati rientrano gli indirizzi IP o i nomi a dominio dei computer utilizzati dagli utenti che si connettono al sito, gli indirizzi in notazione URI (Uniform Resource Identifier) delle risorse richieste, l\u2019orario della richiesta, il metodo utilizzato nel sottoporre la richiesta al server, la dimensione del file ottenuto in risposta, il codice numerico indicante lo stato della risposta data dal server (buon fine, errore, ecc.) ed altri parametri relativi al sistema operativo e all\u2019ambiente informatico dell\u2019utente.<\/p>\n<p>I dati, cos\u00ec raccolti, potrebbero essere utilizzati per l\u2019accertamento di responsabilit\u00e0 in caso di eventuali reati informatici ai danni del sito.<\/p>\n<h5>Social Buttons<\/h5>\n<p>Sul sito <strong>www.arcusrealestate.com<\/strong> potranno essere presenti dei particolari \u201cpulsanti\u201d (denominati \u201csocial buttons\/widgets\u201d) che raffigurano le icone di social network (esempio, Linkedin e Twitter). Detti bottoni consentono agli utenti che stanno navigando sul sito di interagire con un \u201cclick\u201d direttamente con i social network ivi raffigurati. In tal caso il social network acquisisce i dati relativi alla visita dell\u2019utente, mentre Arcus Real Estate non condivider\u00e0 alcuna informazione di navigazione o dato dell\u2019utente acquisiti attraverso i propri siti con i social network accessibili grazie ai Social buttons\/widgets.<\/p>\n<h5>Dati Forniti direttamente dall\u2019utente<\/h5>\n<p>L\u2019invio facoltativo, esplicito e volontario di dati come richiesti da varie sezioni del presente sito sono utilizzati al fine di dare corso alle richieste dell\u2019utente (esempio meramente indicativo e non esaustivo: quando si richiedono informazioni o delucidazioni telefonando ai numeri indicati sul sito o scrivendo agli indirizzi di posta elettronica ivi presenti).<\/p>\n<p>Specifiche eventuali informative di sintesi vengono riportate o visualizzate nelle pagine del Sito predisposte per i servizi a richiesta, in modo tale da richiamare l\u2019attenzione dell\u2019interessato sul trattamento dei suoi dati personali.<\/p>\n<h4>NATURA DEL CONFERIMENTO DEI DATI<\/h4>\n<p>Fatta eccezione per i dati di navigazione, necessari per dar corso ai protocolli informatici e telematici, il conferimento dei dati personali da parte degli utenti \u00e8 libero e facoltativo. Resta inteso che il mancato conferimento dei dati stessi comporter\u00e0 l\u2019impossibilit\u00e0 di poter procedere alle richieste inoltrate o che l\u2019utente intende inoltrare.<\/p>\n<h4>MODALITA\u2019 DI TRATTAMENTO<\/h4>\n<p>Il trattamento dei dati \u00e8 eseguito attraverso procedure informatiche o comunque mezzi telematici ad opera di soggetti, interni od esterni, a ci\u00f2 appositamente incaricati ovvero impegnati alla riservatezza. I dati sono conservati in archivi elettronici con piena assicurazione delle misure di sicurezza previste dal legislatore.<\/p>\n<h4>COMUNICAZIONE E DIFFUSIONE<\/h4>\n<p>I dati raccolti non saranno diffusi, venduti o scambiati con soggetti terzi senza il consenso espresso dell\u2019interessato, salvo eventuali comunicazioni a soggetti terzi autorizzati \u2013 impegnati alla riservatezza o nel caso nominati responsabili del trattamento ex art. 29 del D.lgs n. 196\/2003- (quali ad esempio societ\u00e0 di assistenza informatica e societ\u00e0 di hosting) ove necessarie per le finalit\u00e0 di cui alla presente informativa. I dati potranno essere comunicati alle autorit\u00e0 competenti, secondo i termini d legge.<\/p>\n<h4>DIRITTI DELL\u2019INTERESSATO<\/h4>\n<p>L\u2019interessato potr\u00e0 far valere i propri diritti come espressi dall\u2019artt. 7, 8, 9 e 10 del D.Lgs. 30 giugno 2003 n. 196, rivolgendosi al titolare del trattamento tramite invio di email all\u2019indirizzo <a href=\"mailto:info@arcusrealestate.com\">info@arcusrealestate.com<\/a>. In particolare, secondo l\u2019art. 7, l\u2019interessato potr\u00e0 ottenere la conferma dell\u2019esistenza o meno di dati personali che lo riguardano, anche se non ancora registrati, e la loro comunicazione in forma intelligibile. L\u2019interessato ha diritto di ottenere l\u2019indicazione: a) dell\u2019origine dei dati personali; b) delle finalit\u00e0 e modalit\u00e0 del trattamento; c) della logica applicata in caso di trattamento effettuato con l\u2019ausilio di strumenti elettronici; d) degli estremi identificativi del titolare, dei responsabili e del rappresentante designato ai sensi dell\u2019articolo 5, comma 2; e) dei soggetti o delle categorie di soggetti ai quali i dati personali possono essere comunicati o che possono venirne a conoscenza in qualit\u00e0 di rappresentante designato nel territorio dello Stato, di responsabili o incaricati. L\u2019interessato ha diritto di ottenere: a) l\u2019aggiornamento, la rettificazione ovvero, quando vi ha interesse, l\u2019integrazione dei dati; b) la cancellazione, la trasformazione in forma anonima o il blocco dei dati trattati in violazione di legge, compresi quelli di cui non \u00e8 necessaria la conservazione in relazione agli scopi per i quali i dati sono stati raccolti o successivamente trattati; c) l\u2019attestazione che le operazioni di cui alle lettere a) e b) sono state portate a conoscenza, anche per quanto riguarda il loro contenuto, di coloro ai quali i dati sono stati comunicati o diffusi, eccettuato il caso in cui tale adempimento si rivela impossibile o comporta un impiego di mezzi manifestamente sproporzionato rispetto al diritto tutelato. L\u2019interessato ha diritto di opporsi, in tutto o in parte: a) per motivi legittimi al trattamento dei dati personali che lo riguardano, ancorch\u00e9 pertinenti allo scopo della raccolta; b) al trattamento di dati personali che lo riguardano a fini di invio di materiale pubblicitario o di vendita diretta o per il compimento di ricerche di mercato o di comunicazione commerciale.<\/p>\n<h4>TITOLARE<\/h4>\n<p>Il Titolare \u00e8 la <strong>Arcus Real Estate S.r.L.<\/strong> | Corso Matteotti 10, 20121 MILANO | P. IVA e C.F. 03337230167.<\/p>\n","protected":false},"excerpt":{"rendered":"<p>INFORMATIVA AGLI UTENTI IN MATERIA DI PROTEZIONE DEI DATI PERSONALI AI SENSI DELL\u2019ART. 13 D. LGS N. 196\/2003 In osservanza di quanto previsto ai sensi e per gli effetti dell\u2019art. 13 D. Lgs 30 giugno 2003, il titolare del trattamento,&hellip;<\/p>\n","protected":false},"author":2,"featured_media":0,"parent":0,"menu_order":0,"comment_status":"closed","ping_status":"closed","template":"","meta":{"footnotes":""},"class_list":["post-37","page","type-page","status-publish","hentry","entry","no-media"],"yoast_head":"<!-- This site is optimized with the Yoast SEO plugin v25.0 - https:\/\/yoast.com\/wordpress\/plugins\/seo\/ -->\n<title>Privacy Policy - Arcus Real Estate<\/title>\n<meta name=\"robots\" content=\"index, follow, max-snippet:-1, max-image-preview:large, max-video-preview:-1\" \/>\n<link rel=\"canonical\" href=\"https:\/\/www.arcusrealestate.com\/en\/privacy-policy\/\" \/>\n<meta property=\"og:locale\" content=\"en_US\" \/>\n<meta property=\"og:type\" content=\"article\" \/>\n<meta property=\"og:title\" content=\"Privacy Policy - Arcus Real Estate\" \/>\n<meta property=\"og:description\" content=\"INFORMATIVA AGLI UTENTI IN MATERIA DI PROTEZIONE DEI DATI PERSONALI AI SENSI DELL\u2019ART. 13 D. LGS N. 196\/2003 In osservanza di quanto previsto ai sensi e per gli effetti dell\u2019art. 13 D. Lgs 30 giugno 2003, il titolare del trattamento,&hellip;\" \/>\n<meta property=\"og:url\" content=\"https:\/\/www.arcusrealestate.com\/en\/privacy-policy\/\" \/>\n<meta property=\"og:site_name\" content=\"Arcus Real Estate\" \/>\n<meta name=\"twitter:card\" content=\"summary_large_image\" \/>\n<meta name=\"twitter:label1\" content=\"Est. reading time\" \/>\n\t<meta name=\"twitter:data1\" content=\"5 minutes\" \/>\n<script type=\"application\/ld+json\" class=\"yoast-schema-graph\">{\"@context\":\"https:\/\/schema.org\",\"@graph\":[{\"@type\":\"WebPage\",\"@id\":\"https:\/\/www.arcusrealestate.com\/en\/privacy-policy\/\",\"url\":\"https:\/\/www.arcusrealestate.com\/en\/privacy-policy\/\",\"name\":\"Privacy Policy - Arcus Real Estate\",\"isPartOf\":{\"@id\":\"https:\/\/www.arcusrealestate.com\/#website\"},\"datePublished\":\"2017-03-06T09:55:53+00:00\",\"breadcrumb\":{\"@id\":\"https:\/\/www.arcusrealestate.com\/en\/privacy-policy\/#breadcrumb\"},\"inLanguage\":\"en-US\",\"potentialAction\":[{\"@type\":\"ReadAction\",\"target\":[\"https:\/\/www.arcusrealestate.com\/en\/privacy-policy\/\"]}]},{\"@type\":\"BreadcrumbList\",\"@id\":\"https:\/\/www.arcusrealestate.com\/en\/privacy-policy\/#breadcrumb\",\"itemListElement\":[{\"@type\":\"ListItem\",\"position\":1,\"name\":\"Home\",\"item\":\"https:\/\/www.arcusrealestate.com\/en\/\"},{\"@type\":\"ListItem\",\"position\":2,\"name\":\"Privacy Policy\"}]},{\"@type\":\"WebSite\",\"@id\":\"https:\/\/www.arcusrealestate.com\/#website\",\"url\":\"https:\/\/www.arcusrealestate.com\/\",\"name\":\"Arcus Real Estate\",\"description\":\"\",\"publisher\":{\"@id\":\"https:\/\/www.arcusrealestate.com\/#organization\"},\"potentialAction\":[{\"@type\":\"SearchAction\",\"target\":{\"@type\":\"EntryPoint\",\"urlTemplate\":\"https:\/\/www.arcusrealestate.com\/?s={search_term_string}\"},\"query-input\":{\"@type\":\"PropertyValueSpecification\",\"valueRequired\":true,\"valueName\":\"search_term_string\"}}],\"inLanguage\":\"en-US\"},{\"@type\":\"Organization\",\"@id\":\"https:\/\/www.arcusrealestate.com\/#organization\",\"name\":\"Arcus Real Estate\",\"url\":\"https:\/\/www.arcusrealestate.com\/\",\"logo\":{\"@type\":\"ImageObject\",\"inLanguage\":\"en-US\",\"@id\":\"https:\/\/www.arcusrealestate.com\/#\/schema\/logo\/image\/\",\"url\":\"https:\/\/www.arcusrealestate.com\/wp-content\/uploads\/2017\/04\/Logo_Arcus.png\",\"contentUrl\":\"https:\/\/www.arcusrealestate.com\/wp-content\/uploads\/2017\/04\/Logo_Arcus.png\",\"width\":418,\"height\":132,\"caption\":\"Arcus Real Estate\"},\"image\":{\"@id\":\"https:\/\/www.arcusrealestate.com\/#\/schema\/logo\/image\/\"}}]}<\/script>\n<!-- \/ Yoast SEO plugin. -->","yoast_head_json":{"title":"Privacy Policy - Arcus Real Estate","robots":{"index":"index","follow":"follow","max-snippet":"max-snippet:-1","max-image-preview":"max-image-preview:large","max-video-preview":"max-video-preview:-1"},"canonical":"https:\/\/www.arcusrealestate.com\/en\/privacy-policy\/","og_locale":"en_US","og_type":"article","og_title":"Privacy Policy - Arcus Real Estate","og_description":"INFORMATIVA AGLI UTENTI IN MATERIA DI PROTEZIONE DEI DATI PERSONALI AI SENSI DELL\u2019ART. 13 D. LGS N. 196\/2003 In osservanza di quanto previsto ai sensi e per gli effetti dell\u2019art. 13 D. Lgs 30 giugno 2003, il titolare del trattamento,&hellip;","og_url":"https:\/\/www.arcusrealestate.com\/en\/privacy-policy\/","og_site_name":"Arcus Real Estate","twitter_card":"summary_large_image","twitter_misc":{"Est. reading time":"5 minutes"},"schema":{"@context":"https:\/\/schema.org","@graph":[{"@type":"WebPage","@id":"https:\/\/www.arcusrealestate.com\/en\/privacy-policy\/","url":"https:\/\/www.arcusrealestate.com\/en\/privacy-policy\/","name":"Privacy Policy - Arcus Real Estate","isPartOf":{"@id":"https:\/\/www.arcusrealestate.com\/#website"},"datePublished":"2017-03-06T09:55:53+00:00","breadcrumb":{"@id":"https:\/\/www.arcusrealestate.com\/en\/privacy-policy\/#breadcrumb"},"inLanguage":"en-US","potentialAction":[{"@type":"ReadAction","target":["https:\/\/www.arcusrealestate.com\/en\/privacy-policy\/"]}]},{"@type":"BreadcrumbList","@id":"https:\/\/www.arcusrealestate.com\/en\/privacy-policy\/#breadcrumb","itemListElement":[{"@type":"ListItem","position":1,"name":"Home","item":"https:\/\/www.arcusrealestate.com\/en\/"},{"@type":"ListItem","position":2,"name":"Privacy Policy"}]},{"@type":"WebSite","@id":"https:\/\/www.arcusrealestate.com\/#website","url":"https:\/\/www.arcusrealestate.com\/","name":"Arcus Real Estate","description":"","publisher":{"@id":"https:\/\/www.arcusrealestate.com\/#organization"},"potentialAction":[{"@type":"SearchAction","target":{"@type":"EntryPoint","urlTemplate":"https:\/\/www.arcusrealestate.com\/?s={search_term_string}"},"query-input":{"@type":"PropertyValueSpecification","valueRequired":true,"valueName":"search_term_string"}}],"inLanguage":"en-US"},{"@type":"Organization","@id":"https:\/\/www.arcusrealestate.com\/#organization","name":"Arcus Real Estate","url":"https:\/\/www.arcusrealestate.com\/","logo":{"@type":"ImageObject","inLanguage":"en-US","@id":"https:\/\/www.arcusrealestate.com\/#\/schema\/logo\/image\/","url":"https:\/\/www.arcusrealestate.com\/wp-content\/uploads\/2017\/04\/Logo_Arcus.png","contentUrl":"https:\/\/www.arcusrealestate.com\/wp-content\/uploads\/2017\/04\/Logo_Arcus.png","width":418,"height":132,"caption":"Arcus Real Estate"},"image":{"@id":"https:\/\/www.arcusrealestate.com\/#\/schema\/logo\/image\/"}}]}},"_links":{"self":[{"href":"https:\/\/www.arcusrealestate.com\/en\/wp-json\/wp\/v2\/pages\/37"}],"collection":[{"href":"https:\/\/www.arcusrealestate.com\/en\/wp-json\/wp\/v2\/pages"}],"about":[{"href":"https:\/\/www.arcusrealestate.com\/en\/wp-json\/wp\/v2\/types\/page"}],"author":[{"embeddable":true,"href":"https:\/\/www.arcusrealestate.com\/en\/wp-json\/wp\/v2\/users\/2"}],"replies":[{"embeddable":true,"href":"https:\/\/www.arcusrealestate.com\/en\/wp-json\/wp\/v2\/comments?post=37"}],"version-history":[{"count":0,"href":"https:\/\/www.arcusrealestate.com\/en\/wp-json\/wp\/v2\/pages\/37\/revisions"}],"wp:attachment":[{"href":"https:\/\/www.arcusrealestate.com\/en\/wp-json\/wp\/v2\/media?parent=37"}],"curies":[{"name":"wp","href":"https:\/\/api.w.org\/{rel}","templated":true}]}}